{"id":5039,"date":"2022-08-19T12:51:48","date_gmt":"2022-08-19T15:51:48","guid":{"rendered":"https:\/\/multicomunicar.com.br\/?page_id=5039"},"modified":"2022-08-19T14:41:03","modified_gmt":"2022-08-19T17:41:03","slug":"producao-editorial","status":"publish","type":"page","link":"https:\/\/multicomunicar.com.br\/index.php\/producao-editorial\/","title":{"rendered":"Produ\u00e7\u00e3o Editorial"},"content":{"rendered":"\t\t<div data-elementor-type=\"wp-page\" data-elementor-id=\"5039\" class=\"elementor elementor-5039\">\n\t\t\t\t\t\t\t\t\t<section class=\"elementor-section elementor-top-section elementor-element elementor-element-616aaa0 elementor-section-boxed elementor-section-height-default elementor-section-height-default\" data-id=\"616aaa0\" data-element_type=\"section\">\n\t\t\t\t\t\t<div class=\"elementor-container elementor-column-gap-default\">\n\t\t\t\t\t<div class=\"elementor-column elementor-col-100 elementor-top-column elementor-element elementor-element-98b6c44\" data-id=\"98b6c44\" data-element_type=\"column\">\n\t\t\t<div class=\"elementor-widget-wrap elementor-element-populated\">\n\t\t\t\t\t\t\t\t<div class=\"elementor-element elementor-element-9a2f2ae elementor-widget elementor-widget-heading\" data-id=\"9a2f2ae\" data-element_type=\"widget\" data-widget_type=\"heading.default\">\n\t\t\t\t<div class=\"elementor-widget-container\">\n\t\t\t<style>\/*! elementor - v3.11.3 - 07-03-2023 *\/\n.elementor-heading-title{padding:0;margin:0;line-height:1}.elementor-widget-heading .elementor-heading-title[class*=elementor-size-]>a{color:inherit;font-size:inherit;line-height:inherit}.elementor-widget-heading .elementor-heading-title.elementor-size-small{font-size:15px}.elementor-widget-heading .elementor-heading-title.elementor-size-medium{font-size:19px}.elementor-widget-heading .elementor-heading-title.elementor-size-large{font-size:29px}.elementor-widget-heading .elementor-heading-title.elementor-size-xl{font-size:39px}.elementor-widget-heading .elementor-heading-title.elementor-size-xxl{font-size:59px}<\/style><h2 class=\"elementor-heading-title elementor-size-default\">CONTE\u00daDO PARA VISIBILIDADE<\/h2>\t\t<\/div>\n\t\t\t\t<\/div>\n\t\t\t\t\t<\/div>\n\t\t<\/div>\n\t\t\t\t\t\t\t<\/div>\n\t\t<\/section>\n\t\t\t\t<section class=\"elementor-section elementor-top-section elementor-element elementor-element-ffb3648 elementor-section-boxed elementor-section-height-default elementor-section-height-default\" data-id=\"ffb3648\" data-element_type=\"section\">\n\t\t\t\t\t\t<div class=\"elementor-container elementor-column-gap-default\">\n\t\t\t\t\t<div class=\"elementor-column elementor-col-100 elementor-top-column elementor-element elementor-element-ce5b257\" data-id=\"ce5b257\" data-element_type=\"column\">\n\t\t\t<div class=\"elementor-widget-wrap elementor-element-populated\">\n\t\t\t\t\t\t\t\t<div class=\"elementor-element elementor-element-9e21232 elementor-widget elementor-widget-text-editor\" data-id=\"9e21232\" data-element_type=\"widget\" data-widget_type=\"text-editor.default\">\n\t\t\t\t<div class=\"elementor-widget-container\">\n\t\t\t<style>\/*! elementor - v3.11.3 - 07-03-2023 *\/\n.elementor-widget-text-editor.elementor-drop-cap-view-stacked .elementor-drop-cap{background-color:#818a91;color:#fff}.elementor-widget-text-editor.elementor-drop-cap-view-framed .elementor-drop-cap{color:#818a91;border:3px solid;background-color:transparent}.elementor-widget-text-editor:not(.elementor-drop-cap-view-default) .elementor-drop-cap{margin-top:8px}.elementor-widget-text-editor:not(.elementor-drop-cap-view-default) .elementor-drop-cap-letter{width:1em;height:1em}.elementor-widget-text-editor .elementor-drop-cap{float:left;text-align:center;line-height:1;font-size:50px}.elementor-widget-text-editor .elementor-drop-cap-letter{display:inline-block}<\/style>\t\t\t\t<span style=\"color: #121212;  font-size: 17px;\">A unidade da identidade visual da empresa \u00e9 o que permite a marca ser reconhecida em qualquer situa\u00e7\u00e3o. Veja o que a Multi Comunicar pode fazer pela sua empresa ou projeto.<\/span>\t\t\t\t\t\t<\/div>\n\t\t\t\t<\/div>\n\t\t\t\t\t<\/div>\n\t\t<\/div>\n\t\t\t\t\t\t\t<\/div>\n\t\t<\/section>\n\t\t\t\t<section class=\"elementor-section elementor-top-section elementor-element elementor-element-731341b elementor-section-boxed elementor-section-height-default elementor-section-height-default\" data-id=\"731341b\" data-element_type=\"section\">\n\t\t\t\t\t\t<div class=\"elementor-container elementor-column-gap-default\">\n\t\t\t\t\t<div class=\"elementor-column elementor-col-100 elementor-top-column elementor-element elementor-element-9f9d990\" data-id=\"9f9d990\" data-element_type=\"column\">\n\t\t\t<div class=\"elementor-widget-wrap elementor-element-populated\">\n\t\t\t\t\t\t\t\t<div class=\"elementor-element elementor-element-5e6b834 elementor-widget elementor-widget-text-editor\" data-id=\"5e6b834\" data-element_type=\"widget\" data-widget_type=\"text-editor.default\">\n\t\t\t\t<div class=\"elementor-widget-container\">\n\t\t\t\t\t\t\t<ul style=\"margin-bottom: 10px; transition: all 0.3s ease 0s, background-position 1ms ease 0s; color: rgba(0, 0, 0, 0);  font-size: 13px;\">\n \t<li class=\"m_-8841938450208098977MsoNoSpacing\" style=\"transition: all 0.3s ease 0s, background-position 1ms ease 0s; font-size: 17px; color: #121212; margin-bottom: 0px;\"><b style=\"transition: all 0.3s ease 0s, background-position 1ms ease 0s;\">Produ\u00e7\u00e3o de Conte\u00fado para Sites, Newsletter e Blogs:<\/b>\u00a0Estudamos estrat\u00e9gias on-line\u00a0para\u00a0elabora\u00e7\u00e3o\u00a0de\u00a0<wbr style=\"transition: all 0.3s ease 0s, background-position 1ms ease 0s; margin-bottom: 0px;\" \/>textos\u00a0com\u00a0t\u00e9cnicas de SEO e Inbound Marketing para fortalecer a imagem do neg\u00f3cio.<\/li>\n<\/ul>\n<ul style=\"margin-bottom: 10px; transition: all 0.3s ease 0s, background-position 1ms ease 0s; color: rgba(0, 0, 0, 0);  font-size: 13px;\">\n \t<li class=\"m_-8841938450208098977MsoNoSpacing\" style=\"transition: all 0.3s ease 0s, background-position 1ms ease 0s; font-size: 17px; color: #121212; margin-bottom: 0px;\"><b style=\"transition: all 0.3s ease 0s, background-position 1ms ease 0s;\">M\u00eddia Customizada<\/b>:\u00a0\u00a0Elaboramos m\u00eddias\u00a0propriet\u00e1rias, como revistas, jornais\u00a0e web r\u00e1dio,\u00a0para eventos em geral, sendo produzidas\u00a0antes,\u00a0durante\u00a0ou ap\u00f3s\u00a0a realiza\u00e7\u00e3o.<u style=\"transition: all 0.3s ease 0s, background-position 1ms ease 0s;\"><\/u><u style=\"transition: all 0.3s ease 0s, background-position 1ms ease 0s; margin-bottom: 0px;\"><\/u><\/li>\n<\/ul>\n<ul style=\"margin-bottom: 10px; transition: all 0.3s ease 0s, background-position 1ms ease 0s; color: rgba(0, 0, 0, 0); font-size: 13px;\">\n \t<li class=\"m_-8841938450208098977MsoNoSpacing\" style=\"transition: all 0.3s ease 0s, background-position 1ms ease 0s; font-size: 17px; color: #121212; margin-bottom: 0px;\"><b style=\"transition: all 0.3s ease 0s, background-position 1ms ease 0s; margin-bottom: 0px;\">Informativo Interno:<\/b>\u00a0\u00a0Produzimos newsletter, boletins e impressos para a equipe,\u00a0promovendo relacionamento direto com o p\u00fablico, fortalecendo a comunica\u00e7\u00e3o interna do seu neg\u00f3cio.<\/li>\n<\/ul>\t\t\t\t\t\t<\/div>\n\t\t\t\t<\/div>\n\t\t\t\t\t<\/div>\n\t\t<\/div>\n\t\t\t\t\t\t\t<\/div>\n\t\t<\/section>\n\t\t\t\t\t\t\t<\/div>\n\t\t","protected":false},"excerpt":{"rendered":"<p>CONTE\u00daDO PARA VISIBILIDADE A unidade da identidade visual da empresa \u00e9 o que permite a marca ser reconhecida em qualquer situa\u00e7\u00e3o. Veja o que a Multi Comunicar pode fazer pela sua empresa ou projeto. Produ\u00e7\u00e3o de Conte\u00fado para Sites, Newsletter e Blogs:\u00a0Estudamos estrat\u00e9gias on-line\u00a0para\u00a0elabora\u00e7\u00e3o\u00a0de\u00a0textos\u00a0com\u00a0t\u00e9cnicas de SEO e Inbound Marketing para fortalecer a imagem do neg\u00f3cio. &hellip; <\/p>\n<p class=\"link-more\"><a href=\"https:\/\/multicomunicar.com.br\/index.php\/producao-editorial\/\" class=\"more-link\">Read more<span class=\"screen-reader-text\"> &#8220;Produ\u00e7\u00e3o Editorial&#8221;<\/span><\/a><\/p>\n","protected":false},"author":1,"featured_media":4806,"parent":0,"menu_order":0,"comment_status":"closed","ping_status":"closed","template":"","meta":{"footnotes":""},"class_list":["post-5039","page","type-page","status-publish","has-post-thumbnail","hentry"],"_links":{"self":[{"href":"https:\/\/multicomunicar.com.br\/index.php\/wp-json\/wp\/v2\/pages\/5039","targetHints":{"allow":["GET"]}}],"collection":[{"href":"https:\/\/multicomunicar.com.br\/index.php\/wp-json\/wp\/v2\/pages"}],"about":[{"href":"https:\/\/multicomunicar.com.br\/index.php\/wp-json\/wp\/v2\/types\/page"}],"author":[{"embeddable":true,"href":"https:\/\/multicomunicar.com.br\/index.php\/wp-json\/wp\/v2\/users\/1"}],"replies":[{"embeddable":true,"href":"https:\/\/multicomunicar.com.br\/index.php\/wp-json\/wp\/v2\/comments?post=5039"}],"version-history":[{"count":20,"href":"https:\/\/multicomunicar.com.br\/index.php\/wp-json\/wp\/v2\/pages\/5039\/revisions"}],"predecessor-version":[{"id":5281,"href":"https:\/\/multicomunicar.com.br\/index.php\/wp-json\/wp\/v2\/pages\/5039\/revisions\/5281"}],"wp:featuredmedia":[{"embeddable":true,"href":"https:\/\/multicomunicar.com.br\/index.php\/wp-json\/wp\/v2\/media\/4806"}],"wp:attachment":[{"href":"https:\/\/multicomunicar.com.br\/index.php\/wp-json\/wp\/v2\/media?parent=5039"}],"curies":[{"name":"wp","href":"https:\/\/api.w.org\/{rel}","templated":true}]}}