{"id":5035,"date":"2022-08-19T12:50:46","date_gmt":"2022-08-19T15:50:46","guid":{"rendered":"https:\/\/multicomunicar.com.br\/?page_id=5035"},"modified":"2024-05-23T17:29:21","modified_gmt":"2024-05-23T20:29:21","slug":"comunicacao","status":"publish","type":"page","link":"https:\/\/multicomunicar.com.br\/index.php\/comunicacao\/","title":{"rendered":"Comunica\u00e7\u00e3o"},"content":{"rendered":"\t\t<div data-elementor-type=\"wp-page\" data-elementor-id=\"5035\" class=\"elementor elementor-5035\">\n\t\t\t\t\t\t\t\t\t<section class=\"elementor-section elementor-top-section elementor-element elementor-element-f842391 elementor-section-stretched elementor-section-boxed elementor-section-height-default elementor-section-height-default\" data-id=\"f842391\" data-element_type=\"section\" data-settings=\"{&quot;stretch_section&quot;:&quot;section-stretched&quot;}\">\n\t\t\t\t\t\t<div class=\"elementor-container elementor-column-gap-default\">\n\t\t\t\t\t<div class=\"elementor-column elementor-col-100 elementor-top-column elementor-element elementor-element-08c78c6\" data-id=\"08c78c6\" data-element_type=\"column\">\n\t\t\t<div class=\"elementor-widget-wrap elementor-element-populated\">\n\t\t\t\t\t\t\t\t<div class=\"elementor-element elementor-element-b1e8d82 elementor-widget elementor-widget-heading\" data-id=\"b1e8d82\" data-element_type=\"widget\" data-widget_type=\"heading.default\">\n\t\t\t\t<div class=\"elementor-widget-container\">\n\t\t\t<style>\/*! elementor - v3.11.3 - 07-03-2023 *\/\n.elementor-heading-title{padding:0;margin:0;line-height:1}.elementor-widget-heading .elementor-heading-title[class*=elementor-size-]>a{color:inherit;font-size:inherit;line-height:inherit}.elementor-widget-heading .elementor-heading-title.elementor-size-small{font-size:15px}.elementor-widget-heading .elementor-heading-title.elementor-size-medium{font-size:19px}.elementor-widget-heading .elementor-heading-title.elementor-size-large{font-size:29px}.elementor-widget-heading .elementor-heading-title.elementor-size-xl{font-size:39px}.elementor-widget-heading .elementor-heading-title.elementor-size-xxl{font-size:59px}<\/style><h2 class=\"elementor-heading-title elementor-size-default\">INFORMA\u00c7\u00c3O EM MOVIMENTO<\/h2>\t\t<\/div>\n\t\t\t\t<\/div>\n\t\t\t\t<div class=\"elementor-element elementor-element-82d6dde elementor-widget elementor-widget-text-editor\" data-id=\"82d6dde\" data-element_type=\"widget\" data-widget_type=\"text-editor.default\">\n\t\t\t\t<div class=\"elementor-widget-container\">\n\t\t\t<style>\/*! elementor - v3.11.3 - 07-03-2023 *\/\n.elementor-widget-text-editor.elementor-drop-cap-view-stacked .elementor-drop-cap{background-color:#818a91;color:#fff}.elementor-widget-text-editor.elementor-drop-cap-view-framed .elementor-drop-cap{color:#818a91;border:3px solid;background-color:transparent}.elementor-widget-text-editor:not(.elementor-drop-cap-view-default) .elementor-drop-cap{margin-top:8px}.elementor-widget-text-editor:not(.elementor-drop-cap-view-default) .elementor-drop-cap-letter{width:1em;height:1em}.elementor-widget-text-editor .elementor-drop-cap{float:left;text-align:center;line-height:1;font-size:50px}.elementor-widget-text-editor .elementor-drop-cap-letter{display:inline-block}<\/style>\t\t\t\tOs meios para as pessoas se comunicarem est\u00e3o em constante mudan\u00e7a. \u00c9 ineg\u00e1vel que comunicar \u00e9 essencial para manter uma boa imagem e gerar conte\u00fado que tornem a marca autoridade e refer\u00eancia em diversos assuntos. A evolu\u00e7\u00e3o \u00e9 t\u00e3o grande que deixamos o j\u00e1 ultrapassado conceito de ag\u00eancia de comunica\u00e7\u00e3o para nos tornar uma Empresa de Comunica\u00e7\u00e3o. Conhe\u00e7a nossos comunicadores e veja o que a Multi Comunicar pode fazer para te ajudar nas diversas demandas di\u00e1rias.<\/span>\t\t\t\t\t\t<\/div>\n\t\t\t\t<\/div>\n\t\t\t\t\t<\/div>\n\t\t<\/div>\n\t\t\t\t\t\t\t<\/div>\n\t\t<\/section>\n\t\t\t\t<section class=\"elementor-section elementor-top-section elementor-element elementor-element-f62d4c8 elementor-section-boxed elementor-section-height-default elementor-section-height-default\" data-id=\"f62d4c8\" data-element_type=\"section\">\n\t\t\t\t\t\t<div class=\"elementor-container elementor-column-gap-default\">\n\t\t\t\t\t<div class=\"elementor-column elementor-col-100 elementor-top-column elementor-element elementor-element-fe85351\" data-id=\"fe85351\" data-element_type=\"column\">\n\t\t\t<div class=\"elementor-widget-wrap elementor-element-populated\">\n\t\t\t\t\t\t\t\t<div class=\"elementor-element elementor-element-e0fe756 elementor-widget elementor-widget-text-editor\" data-id=\"e0fe756\" data-element_type=\"widget\" data-widget_type=\"text-editor.default\">\n\t\t\t\t<div class=\"elementor-widget-container\">\n\t\t\t\t\t\t\t<ul style=\"margin-bottom: 10px; transition: all 0.3s ease 0s, background-position 1ms ease 0s; color: rgba(0, 0, 0, 0); font-size: 13px;\">\n<li style=\"transition: all 0.3s ease 0s, background-position 1ms ease 0s; font-size: 17px; color: #121212; margin-bottom: 0px;\"><strong style=\"font-weight: bold; transition: all 0.3s ease 0s, background-position 1ms ease 0s; margin-bottom: 0px;\">Assessoria de Imprensa ou Assessoria de Comunica\u00e7\u00e3o:&nbsp;<\/strong>Criamos e executamos um diferenciado plano de a\u00e7\u00e3o com ve\u00edculos de comunica\u00e7\u00e3o, jornalistas, blogueiros e influenciadores para gerar m\u00eddia espont\u00e2nea sobre assuntos de interesse que agregar\u00e3o reputa\u00e7\u00e3o e valor.<\/li>\n<\/ul>\n<ul style=\"margin-bottom: 10px; transition: all 0.3s ease 0s, background-position 1ms ease 0s; color: rgba(0, 0, 0, 0); font-size: 13px;\">\n<li style=\"transition: all 0.3s ease 0s, background-position 1ms ease 0s; font-size: 17px; color: #121212; margin-bottom: 0px;\"><strong style=\"font-weight: bold; transition: all 0.3s ease 0s, background-position 1ms ease 0s; margin-bottom: 0px;\">Comunica\u00e7\u00e3o Interna:&nbsp;<\/strong>O endomarketing \u00e9 fundamental no cotidiano das empresas de qualquer tipo e tamanho. A produtividade est\u00e1 diretamente ligada ao reconhecimento e valoriza\u00e7\u00e3o da equipe, assim como ao sentimento de pertencimento. O plano de comunica\u00e7\u00e3o interna elaborado pela Multi Comunicar tem ferramentas estrat\u00e9gicas para potencializar boas rela\u00e7\u00f5es em seu neg\u00f3cio.<\/li>\n<\/ul>\n<ul style=\"margin-bottom: 10px; transition: all 0.3s ease 0s, background-position 1ms ease 0s; color: rgba(0, 0, 0, 0); font-size: 13px;\">\n<li style=\"transition: all 0.3s ease 0s, background-position 1ms ease 0s; font-size: 17px; color: #121212; margin-bottom: 0px;\"><strong style=\"font-weight: bold; transition: all 0.3s ease 0s, background-position 1ms ease 0s; margin-bottom: 0px;\">Planejamento Estrat\u00e9gico:<\/strong>&nbsp;Promovemos um estudo de mercado e p\u00fablico-alvo para identificar a real necessidade de comunica\u00e7\u00e3o especializada e direcionamento com indica\u00e7\u00e3o dos melhores canais e m\u00eddias, como web r\u00e1dio, web tev\u00ea ou ainda ve\u00edculos pr\u00f3prios, como revistas, newsletter ou jornais, entre outras op\u00e7\u00f5es&nbsp;para melhor relacionamento, visando um eficiente marketing de conte\u00fado.<\/li>\n<\/ul>\n<ul style=\"margin-bottom: 10px; transition: all 0.3s ease 0s, background-position 1ms ease 0s; color: rgba(0, 0, 0, 0); font-size: 13px;\">\n<li style=\"transition: all 0.3s ease 0s, background-position 1ms ease 0s; font-size: 17px; color: #121212; margin-bottom: 0px;\"><strong style=\"font-weight: bold; transition: all 0.3s ease 0s, background-position 1ms ease 0s; margin-bottom: 0px;\">Gest\u00e3o de M\u00eddias Sociais:&nbsp;<\/strong>Elaboramos canais para comunica\u00e7\u00e3o via internet com planejamento, produ\u00e7\u00e3o de conte\u00fado com edi\u00e7\u00e3o (posts\/v\u00eddeos\/\u00e1udios) para relacionamento com p\u00fablicos de interesse, conforme o projeto e p\u00fablico-alvo, incluindo monitoramento, di\u00e1logo, m\u00e9tricas, relat\u00f3rios, promovendo uma rela\u00e7\u00e3o eficaz com os seguidores e influenciadores digitais.<\/li>\n<\/ul>\n<ul style=\"margin-bottom: 10px; transition: all 0.3s ease 0s, background-position 1ms ease 0s; color: rgba(0, 0, 0, 0); font-size: 13px;\">\n<li style=\"transition: all 0.3s ease 0s, background-position 1ms ease 0s; font-size: 17px; color: #121212; margin-bottom: 0px;\"><strong style=\"font-weight: bold; transition: all 0.3s ease 0s, background-position 1ms ease 0s; margin-bottom: 0px;\">Rela\u00e7\u00f5es P\u00fablicas:&nbsp;<\/strong>Identificamos os diversos p\u00fablicos e preparamos planos direcionados para um relacionamento eficiente com cada um. As a\u00e7\u00f5es e estrat\u00e9gias acompanham o planejamento de marketing.<\/li>\n<\/ul>\n<ul style=\"margin-bottom: 10px; transition: all 0.3s ease 0s, background-position 1ms ease 0s; color: rgba(0, 0, 0, 0); font-size: 13px;\">\n<li style=\"transition: all 0.3s ease 0s, background-position 1ms ease 0s; font-size: 17px; color: #121212; margin-bottom: 0px;\"><strong style=\"font-weight: bold; transition: all 0.3s ease 0s, background-position 1ms ease 0s; margin-bottom: 0px;\">Relacionamento Comunit\u00e1rio:&nbsp;<\/strong>O relacionamento com quem est\u00e1 em volta do projeto ou da empresa \u00e9 primordial para garantir uma comunica\u00e7\u00e3o adequada. Quanto mais complexa \u00e9 a atividade corporativa, maior dever\u00e1 ser a proximidade com a comunidade para estabelecer uma rela\u00e7\u00e3o transparente e de credibilidade. \u00c9 muito importante identificar as comunidades envolvidas pelo processo de produ\u00e7\u00e3o para analisar as percep\u00e7\u00f5es com as respectivas vantagens e desvantagens.<\/li>\n<\/ul>\n<ul style=\"margin-bottom: 10px; transition: all 0.3s ease 0s, background-position 1ms ease 0s; color: rgba(0, 0, 0, 0); font-size: 13px;\">\n<li style=\"transition: all 0.3s ease 0s, background-position 1ms ease 0s; font-size: 17px; color: #121212; margin-bottom: 0px;\"><strong style=\"font-weight: bold; transition: all 0.3s ease 0s, background-position 1ms ease 0s; margin-bottom: 0px;\">Monitoramento e An\u00e1lise:&nbsp;<\/strong>Acompanhamos not\u00edcias e informa\u00e7\u00f5es em m\u00eddia tradicional, portais, blogs, comunidades, f\u00f3runs e m\u00eddias sociais, entre outros canais digitais, identificando cita\u00e7\u00f5es profissionais ou sobre a marca para relat\u00f3rios de an\u00e1lise e sentimento, com ou sem plano de a\u00e7\u00f5es.<\/li>\n<\/ul>\n<ul style=\"margin-bottom: 10px; transition: all 0.3s ease 0s, background-position 1ms ease 0s; color: rgba(0, 0, 0, 0); font-size: 13px;\">\n<li style=\"transition: all 0.3s ease 0s, background-position 1ms ease 0s; font-size: 17px; color: #121212; margin-bottom: 0px;\"><strong style=\"font-weight: bold; transition: all 0.3s ease 0s, background-position 1ms ease 0s; margin-bottom: 0px;\">Gest\u00e3o de Crise:&nbsp;<\/strong>Prevenir \u00e9 sempre a melhor op\u00e7\u00e3o, independentemente do tamanho da empresa. Um plano com a\u00e7\u00f5es adequadas para cada tipo de crise e empresa \u00e9 fundamental para evitar preju\u00edzo e o comprometimento da reputa\u00e7\u00e3o.<\/li>\n<\/ul>\n<ul style=\"margin-bottom: 10px; transition: all 0.3s ease 0s, background-position 1ms ease 0s; color: rgba(0, 0, 0, 0); font-size: 13px;\">\n<li style=\"transition: all 0.3s ease 0s, background-position 1ms ease 0s; font-size: 17px; color: #121212; margin-bottom: 0px;\"><strong style=\"font-weight: bold; transition: all 0.3s ease 0s, background-position 1ms ease 0s; margin-bottom: 0px;\">Media Training:&nbsp;<\/strong>O jornalista est\u00e1 cada vez mais atarefado num cotidiano em constante mudan\u00e7a. Os entrevistados devem se preparar para garantir um atendimento \u00e1gil e eficaz, demonstrando conhecimento, seguran\u00e7a e profissionalismo, visando fidelizar os ve\u00edculos de comunica\u00e7\u00e3o.<\/li>\n<\/ul>\n<ul style=\"margin-bottom: 10px; transition: all 0.3s ease 0s, background-position 1ms ease 0s; color: rgba(0, 0, 0, 0); font-size: 13px;\">\n<li style=\"transition: all 0.3s ease 0s, background-position 1ms ease 0s; font-size: 17px; color: #121212; margin-bottom: 0px;\"><strong style=\"font-weight: bold; transition: all 0.3s ease 0s, background-position 1ms ease 0s; margin-bottom: 0px;\">An\u00e1lise e Diagn\u00f3stico:&nbsp;<\/strong>Analisamos e elaboramos um planejamento, conforme os resultados apresentados e pesquisa sobre a empresa e mercado. A proposta tamb\u00e9m poder\u00e1 incluir um plano de comunica\u00e7\u00e3o e-ou marketing.<\/li>\n<\/ul>\n<ul style=\"margin-bottom: 0px; transition: all 0.3s ease 0s, background-position 1ms ease 0s; color: rgba(0, 0, 0, 0); font-size: 13px;\">\n<li style=\"transition: all 0.3s ease 0s, background-position 1ms ease 0s; font-size: 17px; color: #121212; margin-bottom: 0px;\"><strong style=\"font-weight: bold; transition: all 0.3s ease 0s, background-position 1ms ease 0s; margin-bottom: 0px;\">Marketing:&nbsp;<\/strong>Elaboramos estrat\u00e9gias e a\u00e7\u00f5es para atra\u00edrem e converterem o p\u00fablico-alvo em consumidor f\u00e3, defensor e promotor da marca.Multi<\/li>\n<\/ul>\t\t\t\t\t\t<\/div>\n\t\t\t\t<\/div>\n\t\t\t\t\t<\/div>\n\t\t<\/div>\n\t\t\t\t\t\t\t<\/div>\n\t\t<\/section>\n\t\t\t\t\t\t\t<\/div>\n\t\t","protected":false},"excerpt":{"rendered":"<p>INFORMA\u00c7\u00c3O EM MOVIMENTO Os meios para as pessoas se comunicarem est\u00e3o em constante mudan\u00e7a. \u00c9 ineg\u00e1vel que comunicar \u00e9 essencial para manter uma boa imagem e gerar conte\u00fado que tornem a marca autoridade e refer\u00eancia em diversos assuntos. A evolu\u00e7\u00e3o \u00e9 t\u00e3o grande que deixamos o j\u00e1 ultrapassado conceito de ag\u00eancia de comunica\u00e7\u00e3o para nos &hellip; <\/p>\n<p class=\"link-more\"><a href=\"https:\/\/multicomunicar.com.br\/index.php\/comunicacao\/\" class=\"more-link\">Read more<span class=\"screen-reader-text\"> &#8220;Comunica\u00e7\u00e3o&#8221;<\/span><\/a><\/p>\n","protected":false},"author":1,"featured_media":4810,"parent":0,"menu_order":0,"comment_status":"closed","ping_status":"closed","template":"","meta":{"footnotes":""},"class_list":["post-5035","page","type-page","status-publish","has-post-thumbnail","hentry"],"_links":{"self":[{"href":"https:\/\/multicomunicar.com.br\/index.php\/wp-json\/wp\/v2\/pages\/5035","targetHints":{"allow":["GET"]}}],"collection":[{"href":"https:\/\/multicomunicar.com.br\/index.php\/wp-json\/wp\/v2\/pages"}],"about":[{"href":"https:\/\/multicomunicar.com.br\/index.php\/wp-json\/wp\/v2\/types\/page"}],"author":[{"embeddable":true,"href":"https:\/\/multicomunicar.com.br\/index.php\/wp-json\/wp\/v2\/users\/1"}],"replies":[{"embeddable":true,"href":"https:\/\/multicomunicar.com.br\/index.php\/wp-json\/wp\/v2\/comments?post=5035"}],"version-history":[{"count":53,"href":"https:\/\/multicomunicar.com.br\/index.php\/wp-json\/wp\/v2\/pages\/5035\/revisions"}],"predecessor-version":[{"id":5721,"href":"https:\/\/multicomunicar.com.br\/index.php\/wp-json\/wp\/v2\/pages\/5035\/revisions\/5721"}],"wp:featuredmedia":[{"embeddable":true,"href":"https:\/\/multicomunicar.com.br\/index.php\/wp-json\/wp\/v2\/media\/4810"}],"wp:attachment":[{"href":"https:\/\/multicomunicar.com.br\/index.php\/wp-json\/wp\/v2\/media?parent=5035"}],"curies":[{"name":"wp","href":"https:\/\/api.w.org\/{rel}","templated":true}]}}