{"id":4858,"date":"2022-08-19T11:19:34","date_gmt":"2022-08-19T14:19:34","guid":{"rendered":"https:\/\/multicomunicar.com.br\/?page_id=4858"},"modified":"2025-06-19T12:38:29","modified_gmt":"2025-06-19T15:38:29","slug":"curso-online-de-redes-sociais","status":"publish","type":"page","link":"https:\/\/multicomunicar.com.br\/index.php\/curso-online-de-redes-sociais\/","title":{"rendered":"Redes Sociais"},"content":{"rendered":"\t\t<div data-elementor-type=\"wp-page\" data-elementor-id=\"4858\" class=\"elementor elementor-4858\">\n\t\t\t\t\t\t\t\t\t<section class=\"elementor-section elementor-top-section elementor-element elementor-element-9b9f99d elementor-section-boxed elementor-section-height-default elementor-section-height-default\" data-id=\"9b9f99d\" data-element_type=\"section\">\n\t\t\t\t\t\t<div class=\"elementor-container elementor-column-gap-default\">\n\t\t\t\t\t<div class=\"elementor-column elementor-col-66 elementor-top-column elementor-element elementor-element-3742397\" data-id=\"3742397\" data-element_type=\"column\">\n\t\t\t<div class=\"elementor-widget-wrap elementor-element-populated\">\n\t\t\t\t\t\t\t\t<div class=\"elementor-element elementor-element-c23f1b5 elementor-widget elementor-widget-video\" data-id=\"c23f1b5\" data-element_type=\"widget\" data-settings=\"{&quot;youtube_url&quot;:&quot;https:\\\/\\\/youtu.be\\\/3ambdg0KJ3E&quot;,&quot;video_type&quot;:&quot;youtube&quot;,&quot;controls&quot;:&quot;yes&quot;}\" data-widget_type=\"video.default\">\n\t\t\t\t<div class=\"elementor-widget-container\">\n\t\t\t<style>\/*! elementor - v3.11.3 - 07-03-2023 *\/\n.elementor-widget-video .elementor-widget-container{overflow:hidden;transform:translateZ(0)}.elementor-widget-video .elementor-wrapper iframe,.elementor-widget-video .elementor-wrapper video{height:100%;width:100%;border:none;background-color:#000}.elementor-widget-video .elementor-open-inline .elementor-custom-embed-image-overlay{position:absolute;top:0;left:0;width:100%;height:100%;background-size:cover;background-position:50%}.elementor-widget-video .elementor-custom-embed-image-overlay{cursor:pointer;text-align:center}.elementor-widget-video .elementor-custom-embed-image-overlay:hover .elementor-custom-embed-play i{opacity:1}.elementor-widget-video .elementor-custom-embed-image-overlay img{display:block;width:100%}.elementor-widget-video .e-hosted-video .elementor-video{-o-object-fit:cover;object-fit:cover}.e-con-inner>.elementor-widget-video,.e-con>.elementor-widget-video{width:var(--container-widget-width);--flex-grow:var(--container-widget-flex-grow)}<\/style>\t\t<div class=\"elementor-wrapper elementor-open-inline\">\n\t\t\t<div class=\"elementor-video\"><\/div>\t\t<\/div>\n\t\t\t\t<\/div>\n\t\t\t\t<\/div>\n\t\t\t\t\t<\/div>\n\t\t<\/div>\n\t\t\t\t<div class=\"elementor-column elementor-col-33 elementor-top-column elementor-element elementor-element-a64d621\" data-id=\"a64d621\" data-element_type=\"column\">\n\t\t\t<div class=\"elementor-widget-wrap elementor-element-populated\">\n\t\t\t\t\t\t\t\t<div class=\"elementor-element elementor-element-4b4f41d elementor-widget elementor-widget-text-editor\" data-id=\"4b4f41d\" data-element_type=\"widget\" data-widget_type=\"text-editor.default\">\n\t\t\t\t<div class=\"elementor-widget-container\">\n\t\t\t<style>\/*! elementor - v3.11.3 - 07-03-2023 *\/\n.elementor-widget-text-editor.elementor-drop-cap-view-stacked .elementor-drop-cap{background-color:#818a91;color:#fff}.elementor-widget-text-editor.elementor-drop-cap-view-framed .elementor-drop-cap{color:#818a91;border:3px solid;background-color:transparent}.elementor-widget-text-editor:not(.elementor-drop-cap-view-default) .elementor-drop-cap{margin-top:8px}.elementor-widget-text-editor:not(.elementor-drop-cap-view-default) .elementor-drop-cap-letter{width:1em;height:1em}.elementor-widget-text-editor .elementor-drop-cap{float:left;text-align:center;line-height:1;font-size:50px}.elementor-widget-text-editor .elementor-drop-cap-letter{display:inline-block}<\/style>\t\t\t\t<p><b><i><span style=\"vertical-align: inherit;\"><span style=\"vertical-align: inherit;\">Turma AGOSTO<\/span><\/span><\/i><\/b><\/p><p><span style=\"font-family: Roboto, sans-serif;\"><span style=\"vertical-align: inherit;\"><span style=\"vertical-align: inherit;\">11 a 21\/08\u00a0<\/span><\/span><\/span><\/p><p><strong><span style=\"vertical-align: inherit;\"><span style=\"vertical-align: inherit;\">Hor\u00e1rio:<\/span><\/span><\/strong><span style=\"vertical-align: inherit;\"><span style=\"vertical-align: inherit;\"> \u00a019h \u00e0s 21h<\/span><\/span><\/p><p><strong><span style=\"vertical-align: inherit;\"><span style=\"vertical-align: inherit;\">Valor:<\/span><\/span><\/strong><span style=\"vertical-align: inherit;\"><span style=\"vertical-align: inherit;\"> \u00a0R$ 390<\/span><\/span><\/p>\t\t\t\t\t\t<\/div>\n\t\t\t\t<\/div>\n\t\t\t\t\t<\/div>\n\t\t<\/div>\n\t\t\t\t\t\t\t<\/div>\n\t\t<\/section>\n\t\t\t\t<section class=\"elementor-section elementor-top-section elementor-element elementor-element-1d65f64 elementor-section-boxed elementor-section-height-default elementor-section-height-default\" data-id=\"1d65f64\" data-element_type=\"section\">\n\t\t\t\t\t\t<div class=\"elementor-container elementor-column-gap-default\">\n\t\t\t\t\t<div class=\"elementor-column elementor-col-100 elementor-top-column elementor-element elementor-element-3798699\" data-id=\"3798699\" data-element_type=\"column\">\n\t\t\t<div class=\"elementor-widget-wrap elementor-element-populated\">\n\t\t\t\t\t\t\t\t<div class=\"elementor-element elementor-element-a631492 elementor-widget elementor-widget-text-editor\" data-id=\"a631492\" data-element_type=\"widget\" data-widget_type=\"text-editor.default\">\n\t\t\t\t<div class=\"elementor-widget-container\">\n\t\t\t\t\t\t\t<p><span style=\"vertical-align: inherit;\"><span style=\"vertical-align: inherit;\">O Curso Online de Redes Sociais foi lan\u00e7ado para suprir a demanda do mercado por comunica\u00e7\u00e3o digital, em decorr\u00eancia da aus\u00eancia de profissionais encontrados para lidarem com estrat\u00e9gias a fim de garantirem uma comunica\u00e7\u00e3o e relacionamento eficaz das empresas nas redes sociais. O atual cen\u00e1rio nacional \u00e9 promissor. Uma pesquisa da Associa\u00e7\u00e3o Brasileira das Ag\u00eancias Digitais (ABRADi) revelou que 70% do total de vagas para analista de m\u00eddia social ainda n\u00e3o foram preenchidas devido \u00e0 aus\u00eancia de profissionais capacitados.<\/span><\/span><\/p><p><span style=\"vertical-align: inherit;\"><span style=\"vertical-align: inherit;\">O curso garante a qualifica\u00e7\u00e3o de estudantes de comunica\u00e7\u00e3o e de profissionais j\u00e1 formados como jornalistas, rela\u00e7\u00f5es p\u00fablicas, profissionais de marketing, entre outros, para uma atua\u00e7\u00e3o eficiente e com resultados no relacionamento das empresas com seus diversos p\u00fablicos. O foco est\u00e1 em a\u00e7\u00f5es pr\u00e1ticas com direcionamento para a viv\u00eancia dos processos, como a elabora\u00e7\u00e3o de briefing, planejamento, produ\u00e7\u00e3o de conte\u00fados para diversos tipos de redes sociais, monitoramento de campanhas, m\u00e9tricas e produ\u00e7\u00e3o de relat\u00f3rios. Al\u00e9m de fornecer experi\u00eancia em:<\/span><\/span><\/p><p><span style=\"vertical-align: inherit;\"><span style=\"vertical-align: inherit;\">\u2013 Enfoque pr\u00e1tico e est\u00edmulo ao empreendedorismo <\/span><\/span><br style=\"transition: all 0.3s ease 0s, background-position 1ms ease 0s;\" \/><span style=\"vertical-align: inherit;\"><span style=\"vertical-align: inherit;\">\u2013 Como se preparar para reuni\u00e3o com um novo cliente (Pr\u00e9-briefing; briefing e reuni\u00e3o) <\/span><\/span><br style=\"transition: all 0.3s ease 0s, background-position 1ms ease 0s;\" \/><span style=\"vertical-align: inherit;\"><span style=\"vertical-align: inherit;\">\u2013 Valida\u00e7\u00e3o de dados <\/span><\/span><br style=\"transition: all 0.3s ease 0s, background-position 1ms ease 0s;\" \/><span style=\"vertical-align: inherit;\"><span style=\"vertical-align: inherit;\">\u2013 P\u00fablico-alvo (Personas) <\/span><\/span><br style=\"transition: all 0.3s ease 0s, background-position 1ms ease 0s;\" \/><span style=\"vertical-align: inherit;\"><span style=\"vertical-align: inherit;\">\u2013 Como definir as redes sociais <\/span><\/span><br style=\"transition: all 0.3s ease 0s, background-position 1ms ease 0s;\" \/><span style=\"vertical-align: inherit;\"><span style=\"vertical-align: inherit;\">\u2013 Como identificar palavras-chave e hashtag <\/span><\/span><br style=\"transition: all 0.3s ease 0s, background-position 1ms ease 0s;\" \/><span style=\"vertical-align: inherit;\"><span style=\"vertical-align: inherit;\">\u2013 Elabora\u00e7\u00e3o de planejamento <\/span><\/span><br style=\"transition: all 0.3s ease 0s, background-position 1ms ease 0s;\" \/><span style=\"vertical-align: inherit;\"><span style=\"vertical-align: inherit;\">\u2013 Como elaborar conte\u00fado <\/span><\/span><br style=\"transition: all 0.3s ease 0s, background-position 1ms ease 0s;\" \/><span style=\"vertical-align: inherit;\"><span style=\"vertical-align: inherit;\">\u2013 Gerar engajamento <\/span><\/span><br style=\"transition: all 0.3s ease 0s, background-position 1ms ease 0s;\" \/><span style=\"vertical-align: inherit;\"><span style=\"vertical-align: inherit;\">\u2013 Import\u00e2ncia do monitoramento <\/span><\/span><br style=\"transition: all 0.3s ease 0s, background-position 1ms ease 0s;\" \/><span style=\"vertical-align: inherit;\"><span style=\"vertical-align: inherit;\">\u2013 Como gerar m\u00e9tricas <\/span><\/span><br style=\"transition: all 0.3s ease 0s, background-position 1ms ease 0s;\" \/><span style=\"vertical-align: inherit;\"><span style=\"vertical-align: inherit;\">\u2013 Elabora\u00e7\u00e3o de relat\u00f3rio <\/span><\/span><br style=\"transition: all 0.3s ease 0s, background-position 1ms ease 0s;\" \/><span style=\"vertical-align: inherit;\"><span style=\"vertical-align: inherit;\">\u2013 Gerenciamento de crise <\/span><\/span><br style=\"transition: all 0.3s ease 0s, background-position 1ms ease 0s; margin-bottom: 0px;\" \/><span style=\"vertical-align: inherit;\"><span style=\"vertical-align: inherit;\">\u2013 Revis\u00e3o<\/span><\/span><\/p><p><span style=\"vertical-align: inherit;\"><span style=\"vertical-align: inherit;\">O projeto foi elaborado ap\u00f3s an\u00e1lise de mercado e curr\u00edculos recebidos, revelando a necessidade de uma qualifica\u00e7\u00e3o digital em geral. O curso tem dez aulas seguidas de dura\u00e7\u00e3o, online, certificado ao final. As aulas ser\u00e3o disponibilizadas por meio de plataforma online com link divulgado, alguns minutos antes do in\u00edcio.<\/span><\/span><\/p><p><span style=\"vertical-align: inherit;\"><span style=\"vertical-align: inherit;\">Mais informa\u00e7\u00f5es pelo e-mail\u00a0 <\/span><\/span><strong style=\"font-weight: bold; transition: all 0.3s ease 0s, background-position 1ms ease 0s; border-bottom: 2px solid var(--roxo-padrao); color: var(--roxo-padrao); padding: 1px 0px;\"><span style=\"vertical-align: inherit;\"><span style=\"vertical-align: inherit;\">contato@multicomunicar.com.br<\/span><\/span><\/strong><span style=\"vertical-align: inherit;\"><span style=\"vertical-align: inherit;\"> \u00a0ou pelo telefone (31) <\/span><\/span><b><span style=\"vertical-align: inherit;\"><span style=\"vertical-align: inherit;\">9 8494 960<\/span><\/span><\/b><\/p>\t\t\t\t\t\t<\/div>\n\t\t\t\t<\/div>\n\t\t\t\t\t<\/div>\n\t\t<\/div>\n\t\t\t\t\t\t\t<\/div>\n\t\t<\/section>\n\t\t\t\t<section class=\"elementor-section elementor-top-section elementor-element elementor-element-db6fe2e elementor-section-stretched elementor-section-boxed elementor-section-height-default elementor-section-height-default\" data-id=\"db6fe2e\" data-element_type=\"section\" data-settings=\"{&quot;stretch_section&quot;:&quot;section-stretched&quot;}\">\n\t\t\t\t\t\t<div class=\"elementor-container elementor-column-gap-default\">\n\t\t\t\t\t<div class=\"elementor-column elementor-col-33 elementor-top-column elementor-element elementor-element-a4df349\" data-id=\"a4df349\" data-element_type=\"column\">\n\t\t\t<div class=\"elementor-widget-wrap elementor-element-populated\">\n\t\t\t\t\t\t\t\t<div class=\"elementor-element elementor-element-99e286c elementor-widget elementor-widget-image\" data-id=\"99e286c\" data-element_type=\"widget\" data-widget_type=\"image.default\">\n\t\t\t\t<div class=\"elementor-widget-container\">\n\t\t\t<style>\/*! elementor - v3.11.3 - 07-03-2023 *\/\n.elementor-widget-image{text-align:center}.elementor-widget-image a{display:inline-block}.elementor-widget-image a img[src$=\".svg\"]{width:48px}.elementor-widget-image img{vertical-align:middle;display:inline-block}<\/style>\t\t\t\t\t\t\t\t\t\t\t\t<img loading=\"lazy\" decoding=\"async\" width=\"200\" height=\"200\" src=\"https:\/\/multicomunicar.com.br\/wp-content\/uploads\/2022\/08\/foto-admilson1-200x200-1.png\" class=\"attachment-large size-large wp-image-4873\" alt=\"\" srcset=\"https:\/\/multicomunicar.com.br\/wp-content\/uploads\/2022\/08\/foto-admilson1-200x200-1.png 200w, https:\/\/multicomunicar.com.br\/wp-content\/uploads\/2022\/08\/foto-admilson1-200x200-1-150x150.png 150w\" sizes=\"auto, 100vw\" \/>\t\t\t\t\t\t\t\t\t\t\t\t\t\t\t<\/div>\n\t\t\t\t<\/div>\n\t\t\t\t\t<\/div>\n\t\t<\/div>\n\t\t\t\t<div class=\"elementor-column elementor-col-66 elementor-top-column elementor-element elementor-element-040fc6f\" data-id=\"040fc6f\" data-element_type=\"column\">\n\t\t\t<div class=\"elementor-widget-wrap elementor-element-populated\">\n\t\t\t\t\t\t\t\t<div class=\"elementor-element elementor-element-1ead331 elementor-widget elementor-widget-heading\" data-id=\"1ead331\" data-element_type=\"widget\" data-widget_type=\"heading.default\">\n\t\t\t\t<div class=\"elementor-widget-container\">\n\t\t\t<style>\/*! elementor - v3.11.3 - 07-03-2023 *\/\n.elementor-heading-title{padding:0;margin:0;line-height:1}.elementor-widget-heading .elementor-heading-title[class*=elementor-size-]>a{color:inherit;font-size:inherit;line-height:inherit}.elementor-widget-heading .elementor-heading-title.elementor-size-small{font-size:15px}.elementor-widget-heading .elementor-heading-title.elementor-size-medium{font-size:19px}.elementor-widget-heading .elementor-heading-title.elementor-size-large{font-size:29px}.elementor-widget-heading .elementor-heading-title.elementor-size-xl{font-size:39px}.elementor-widget-heading .elementor-heading-title.elementor-size-xxl{font-size:59px}<\/style><h3 class=\"elementor-heading-title elementor-size-default\">ADMILSON RESENDE<\/h3>\t\t<\/div>\n\t\t\t\t<\/div>\n\t\t\t\t<div class=\"elementor-element elementor-element-adeeaec elementor-widget elementor-widget-text-editor\" data-id=\"adeeaec\" data-element_type=\"widget\" data-widget_type=\"text-editor.default\">\n\t\t\t\t<div class=\"elementor-widget-container\">\n\t\t\t\t\t\t\t<p><span style=\"vertical-align: inherit;\"><span style=\"vertical-align: inherit;\"><span style=\"vertical-align: inherit;\"><span style=\"vertical-align: inherit;\"><span style=\"vertical-align: inherit;\"><span style=\"vertical-align: inherit;\"><span style=\"vertical-align: inherit;\"><span style=\"vertical-align: inherit;\">Graduado em Comunica\u00e7\u00e3o Social \u2013 Jornalismo e MBA em Marketing pela Funda\u00e7\u00e3o Getulio Vargas, atua h\u00e1 30 anos no mercado de comunica\u00e7\u00e3o, sendo cinco deles como rep\u00f3rter nos jornais Hoje em Dia e O Tempo. H\u00e1 25 anos, trabalha em comunica\u00e7\u00e3o corporativa com assessoria de imprensa e marketing digital, atendendo a empresas dos mais diversos portes e \u00e1reas, contribuindo para o crescimento delas, sendo que est\u00e1 \u00e0 frente da MULTI Comunicar como CEO.<\/span><\/span><\/span><\/span><\/span><\/span><\/span><\/span><\/p>\t\t\t\t\t\t<\/div>\n\t\t\t\t<\/div>\n\t\t\t\t\t<\/div>\n\t\t<\/div>\n\t\t\t\t\t\t\t<\/div>\n\t\t<\/section>\n\t\t\t\t<section class=\"elementor-section elementor-top-section elementor-element elementor-element-4f368c3 elementor-section-stretched elementor-section-boxed elementor-section-height-default elementor-section-height-default\" data-id=\"4f368c3\" data-element_type=\"section\" data-settings=\"{&quot;stretch_section&quot;:&quot;section-stretched&quot;}\">\n\t\t\t\t\t\t<div class=\"elementor-container elementor-column-gap-default\">\n\t\t\t\t\t<div class=\"elementor-column elementor-col-100 elementor-top-column elementor-element elementor-element-dca06bb\" data-id=\"dca06bb\" data-element_type=\"column\">\n\t\t\t<div class=\"elementor-widget-wrap elementor-element-populated\">\n\t\t\t\t\t\t\t\t<div class=\"elementor-element elementor-element-e4e28e4 elementor-widget elementor-widget-text-editor\" data-id=\"e4e28e4\" data-element_type=\"widget\" data-widget_type=\"text-editor.default\">\n\t\t\t\t<div class=\"elementor-widget-container\">\n\t\t\t\t\t\t\t<p><strong>Pol\u00edtica de devolu\u00e7\u00e3o:<\/strong> O valor pago somente ser\u00e1 devolvido, caso a pessoa informe a desist\u00eancia \u00e0 MULTI Comunicar, at\u00e9 3 (tr\u00eas) dias antes do in\u00edcio do curso. Para o caso de pagamento parcelado em cart\u00e3o, o valor ser\u00e1 devolvido apenas ap\u00f3s completar o per\u00edodo referente ao parcelamento. O ressarcimento ser\u00e1 feito, resguardando o desconto de 5% (cinco por cento), referente \u00e0 taxa de remunera\u00e7\u00e3o do Pagseguro. A MULTI Comunicar permite uma \u00fanica transfer\u00eancia da matr\u00edcula para a turma seguinte em nome da mesma pessoa e-ou para uma outra pessoa indicada. A aus\u00eancia do inscrito nas aulas, sem justificativa com atestado m\u00e9dico, dispensa reposi\u00e7\u00e3o.<\/p>\t\t\t\t\t\t<\/div>\n\t\t\t\t<\/div>\n\t\t\t\t\t<\/div>\n\t\t<\/div>\n\t\t\t\t\t\t\t<\/div>\n\t\t<\/section>\n\t\t\t\t\t\t\t<\/div>\n\t\t","protected":false},"excerpt":{"rendered":"<p>https:\/\/youtu.be\/3ambdg0KJ3E Turma AGOSTO 11 a 21\/08\u00a0 Hor\u00e1rio: \u00a019h \u00e0s 21h Valor: \u00a0R$ 390 O Curso Online de Redes Sociais foi lan\u00e7ado para suprir a demanda do mercado por comunica\u00e7\u00e3o digital, em decorr\u00eancia da aus\u00eancia de profissionais encontrados para lidarem com estrat\u00e9gias a fim de garantirem uma comunica\u00e7\u00e3o e relacionamento eficaz das empresas nas redes sociais. &hellip; <\/p>\n<p class=\"link-more\"><a href=\"https:\/\/multicomunicar.com.br\/index.php\/curso-online-de-redes-sociais\/\" class=\"more-link\">Read more<span class=\"screen-reader-text\"> &#8220;Redes Sociais&#8221;<\/span><\/a><\/p>\n","protected":false},"author":1,"featured_media":4817,"parent":0,"menu_order":0,"comment_status":"closed","ping_status":"closed","template":"","meta":{"footnotes":""},"class_list":["post-4858","page","type-page","status-publish","has-post-thumbnail","hentry"],"_links":{"self":[{"href":"https:\/\/multicomunicar.com.br\/index.php\/wp-json\/wp\/v2\/pages\/4858","targetHints":{"allow":["GET"]}}],"collection":[{"href":"https:\/\/multicomunicar.com.br\/index.php\/wp-json\/wp\/v2\/pages"}],"about":[{"href":"https:\/\/multicomunicar.com.br\/index.php\/wp-json\/wp\/v2\/types\/page"}],"author":[{"embeddable":true,"href":"https:\/\/multicomunicar.com.br\/index.php\/wp-json\/wp\/v2\/users\/1"}],"replies":[{"embeddable":true,"href":"https:\/\/multicomunicar.com.br\/index.php\/wp-json\/wp\/v2\/comments?post=4858"}],"version-history":[{"count":166,"href":"https:\/\/multicomunicar.com.br\/index.php\/wp-json\/wp\/v2\/pages\/4858\/revisions"}],"predecessor-version":[{"id":5863,"href":"https:\/\/multicomunicar.com.br\/index.php\/wp-json\/wp\/v2\/pages\/4858\/revisions\/5863"}],"wp:featuredmedia":[{"embeddable":true,"href":"https:\/\/multicomunicar.com.br\/index.php\/wp-json\/wp\/v2\/media\/4817"}],"wp:attachment":[{"href":"https:\/\/multicomunicar.com.br\/index.php\/wp-json\/wp\/v2\/media?parent=4858"}],"curies":[{"name":"wp","href":"https:\/\/api.w.org\/{rel}","templated":true}]}}